{"id":5097,"date":"2020-02-28T10:57:44","date_gmt":"2020-02-28T15:57:44","guid":{"rendered":"https:\/\/tspmentrepot.com\/?page_id=5097"},"modified":"2020-03-13T16:55:58","modified_gmt":"2020-03-13T20:55:58","slug":"saint-pierre-et-miquelon","status":"publish","type":"page","link":"https:\/\/tspmwarehouse.com\/fr\/saint-pierre-et-miquelon\/","title":{"rendered":"Transport de marchandises de et vers <span>Saint-Pierre-et-Miquelon<\/span>"},"content":{"rendered":"<p>D&rsquo;abord connu sous le nom de Consolidations des \u00celes, TSPM a oeuvr\u00e9 d\u00e8s 1979 dans la r\u00e9gion de l&rsquo;archipel fran\u00e7ais Saint-Pierre-et-Miquelon, situ\u00e9 tout pr\u00e8s de Terre-Neuve. Depuis plus de <span class=\"nobr\">30 ans<\/span>, nous nous effor\u00e7ons ainsi de r\u00e9pondre \u00e0 tous vos besoins en mati\u00e8re de transport de marchandise.<\/p>\n<p>Sur une base r\u00e9guli\u00e8re, nous acheminons de fa\u00e7on s\u00e9curitaire vos exp\u00e9ditions en provenance de partout en Am\u00e9rique du Nord. Nos d\u00e9parts de Montr\u00e9al se font <strong>tous les mardis \u00e0 midi<\/strong>.<\/p>\n","protected":false},"excerpt":{"rendered":"<p>D&rsquo;abord connu sous le nom de Consolidations des \u00celes, TSPM a oeuvr\u00e9 d\u00e8s 1979 dans la r\u00e9gion de l&rsquo;archipel fran\u00e7ais Saint-Pierre-et-Miquelon, situ\u00e9 tout pr\u00e8s de Terre-Neuve. Depuis plus de 30 ans, nous nous effor\u00e7ons ainsi de r\u00e9pondre \u00e0 tous vos besoins en mati\u00e8re de transport de marchandise. Sur une base r\u00e9guli\u00e8re, nous acheminons de fa\u00e7on &hellip; <a href=\"https:\/\/tspmwarehouse.com\/fr\/saint-pierre-et-miquelon\/\">Continued<\/a><\/p>\n","protected":false},"author":1,"featured_media":0,"parent":0,"menu_order":0,"comment_status":"closed","ping_status":"closed","template":"template-spm.php","meta":{"_acf_changed":false,"footnotes":""},"acf":[],"yoast_head":"<!-- This site is optimized with the Yoast SEO plugin v22.9 - https:\/\/yoast.com\/wordpress\/plugins\/seo\/ -->\n<title>Transport de marchandises vers Saint-Pierre-et-Miquelon - TSPM Entrep\u00f4t<\/title>\n<meta name=\"description\" content=\"Sur une base r\u00e9guli\u00e8re, nous acheminons de fa\u00e7on s\u00e9curitaire vos exp\u00e9ditions en provenance de partout en Am\u00e9rique du Nord.\" \/>\n<meta name=\"robots\" content=\"index, follow, max-snippet:-1, max-image-preview:large, max-video-preview:-1\" \/>\n<meta property=\"og:locale\" content=\"fr_CA\" \/>\n<meta property=\"og:type\" content=\"article\" \/>\n<meta property=\"og:title\" content=\"Transport de marchandises vers Saint-Pierre-et-Miquelon - TSPM Entrep\u00f4t\" \/>\n<meta property=\"og:description\" content=\"Sur une base r\u00e9guli\u00e8re, nous acheminons de fa\u00e7on s\u00e9curitaire vos exp\u00e9ditions en provenance de partout en Am\u00e9rique du Nord.\" \/>\n<meta property=\"og:url\" content=\"https:\/\/tspmwarehouse.com\/fr\/saint-pierre-et-miquelon\/\" \/>\n<meta property=\"og:site_name\" content=\"TSPM Entrep\u00f4t\" \/>\n<meta property=\"article:modified_time\" content=\"2020-03-13T20:55:58+00:00\" \/>\n<meta name=\"twitter:card\" content=\"summary_large_image\" \/>\n<script type=\"application\/ld+json\" class=\"yoast-schema-graph\">{\"@context\":\"https:\/\/schema.org\",\"@graph\":[{\"@type\":\"WebPage\",\"@id\":\"https:\/\/tspmwarehouse.com\/fr\/saint-pierre-et-miquelon\/\",\"url\":\"https:\/\/tspmwarehouse.com\/fr\/saint-pierre-et-miquelon\/\",\"name\":\"Transport de marchandises vers Saint-Pierre-et-Miquelon - TSPM Entrep\u00f4t\",\"isPartOf\":{\"@id\":\"https:\/\/tspmwarehouse.com\/fr\/#website\"},\"datePublished\":\"2020-02-28T15:57:44+00:00\",\"dateModified\":\"2020-03-13T20:55:58+00:00\",\"description\":\"Sur une base r\u00e9guli\u00e8re, nous acheminons de fa\u00e7on s\u00e9curitaire vos exp\u00e9ditions en provenance de partout en Am\u00e9rique du Nord.\",\"breadcrumb\":{\"@id\":\"https:\/\/tspmwarehouse.com\/fr\/saint-pierre-et-miquelon\/#breadcrumb\"},\"inLanguage\":\"fr-FR\",\"potentialAction\":[{\"@type\":\"ReadAction\",\"target\":[\"https:\/\/tspmwarehouse.com\/fr\/saint-pierre-et-miquelon\/\"]}]},{\"@type\":\"BreadcrumbList\",\"@id\":\"https:\/\/tspmwarehouse.com\/fr\/saint-pierre-et-miquelon\/#breadcrumb\",\"itemListElement\":[{\"@type\":\"ListItem\",\"position\":1,\"name\":\"Accueil\",\"item\":\"https:\/\/tspmwarehouse.com\/fr\/\"},{\"@type\":\"ListItem\",\"position\":2,\"name\":\"Transport de marchandises de et vers Saint-Pierre-et-Miquelon\"}]},{\"@type\":\"WebSite\",\"@id\":\"https:\/\/tspmwarehouse.com\/fr\/#website\",\"url\":\"https:\/\/tspmwarehouse.com\/fr\/\",\"name\":\"TSPM Entrep\u00f4t\",\"description\":\"\",\"potentialAction\":[{\"@type\":\"SearchAction\",\"target\":{\"@type\":\"EntryPoint\",\"urlTemplate\":\"https:\/\/tspmwarehouse.com\/fr\/?s={search_term_string}\"},\"query-input\":\"required name=search_term_string\"}],\"inLanguage\":\"fr-FR\"}]}<\/script>\n<!-- \/ Yoast SEO plugin. -->","yoast_head_json":{"title":"Transport de marchandises vers Saint-Pierre-et-Miquelon - TSPM Entrep\u00f4t","description":"Sur une base r\u00e9guli\u00e8re, nous acheminons de fa\u00e7on s\u00e9curitaire vos exp\u00e9ditions en provenance de partout en Am\u00e9rique du Nord.","robots":{"index":"index","follow":"follow","max-snippet":"max-snippet:-1","max-image-preview":"max-image-preview:large","max-video-preview":"max-video-preview:-1"},"og_locale":"fr_CA","og_type":"article","og_title":"Transport de marchandises vers Saint-Pierre-et-Miquelon - TSPM Entrep\u00f4t","og_description":"Sur une base r\u00e9guli\u00e8re, nous acheminons de fa\u00e7on s\u00e9curitaire vos exp\u00e9ditions en provenance de partout en Am\u00e9rique du Nord.","og_url":"https:\/\/tspmwarehouse.com\/fr\/saint-pierre-et-miquelon\/","og_site_name":"TSPM Entrep\u00f4t","article_modified_time":"2020-03-13T20:55:58+00:00","twitter_card":"summary_large_image","schema":{"@context":"https:\/\/schema.org","@graph":[{"@type":"WebPage","@id":"https:\/\/tspmwarehouse.com\/fr\/saint-pierre-et-miquelon\/","url":"https:\/\/tspmwarehouse.com\/fr\/saint-pierre-et-miquelon\/","name":"Transport de marchandises vers Saint-Pierre-et-Miquelon - TSPM Entrep\u00f4t","isPartOf":{"@id":"https:\/\/tspmwarehouse.com\/fr\/#website"},"datePublished":"2020-02-28T15:57:44+00:00","dateModified":"2020-03-13T20:55:58+00:00","description":"Sur une base r\u00e9guli\u00e8re, nous acheminons de fa\u00e7on s\u00e9curitaire vos exp\u00e9ditions en provenance de partout en Am\u00e9rique du Nord.","breadcrumb":{"@id":"https:\/\/tspmwarehouse.com\/fr\/saint-pierre-et-miquelon\/#breadcrumb"},"inLanguage":"fr-FR","potentialAction":[{"@type":"ReadAction","target":["https:\/\/tspmwarehouse.com\/fr\/saint-pierre-et-miquelon\/"]}]},{"@type":"BreadcrumbList","@id":"https:\/\/tspmwarehouse.com\/fr\/saint-pierre-et-miquelon\/#breadcrumb","itemListElement":[{"@type":"ListItem","position":1,"name":"Accueil","item":"https:\/\/tspmwarehouse.com\/fr\/"},{"@type":"ListItem","position":2,"name":"Transport de marchandises de et vers Saint-Pierre-et-Miquelon"}]},{"@type":"WebSite","@id":"https:\/\/tspmwarehouse.com\/fr\/#website","url":"https:\/\/tspmwarehouse.com\/fr\/","name":"TSPM Entrep\u00f4t","description":"","potentialAction":[{"@type":"SearchAction","target":{"@type":"EntryPoint","urlTemplate":"https:\/\/tspmwarehouse.com\/fr\/?s={search_term_string}"},"query-input":"required name=search_term_string"}],"inLanguage":"fr-FR"}]}},"_links":{"self":[{"href":"https:\/\/tspmwarehouse.com\/fr\/wp-json\/wp\/v2\/pages\/5097"}],"collection":[{"href":"https:\/\/tspmwarehouse.com\/fr\/wp-json\/wp\/v2\/pages"}],"about":[{"href":"https:\/\/tspmwarehouse.com\/fr\/wp-json\/wp\/v2\/types\/page"}],"author":[{"embeddable":true,"href":"https:\/\/tspmwarehouse.com\/fr\/wp-json\/wp\/v2\/users\/1"}],"replies":[{"embeddable":true,"href":"https:\/\/tspmwarehouse.com\/fr\/wp-json\/wp\/v2\/comments?post=5097"}],"version-history":[{"count":2,"href":"https:\/\/tspmwarehouse.com\/fr\/wp-json\/wp\/v2\/pages\/5097\/revisions"}],"predecessor-version":[{"id":5245,"href":"https:\/\/tspmwarehouse.com\/fr\/wp-json\/wp\/v2\/pages\/5097\/revisions\/5245"}],"wp:attachment":[{"href":"https:\/\/tspmwarehouse.com\/fr\/wp-json\/wp\/v2\/media?parent=5097"}],"curies":[{"name":"wp","href":"https:\/\/api.w.org\/{rel}","templated":true}]}}