{"id":5090,"date":"2020-02-27T18:03:01","date_gmt":"2020-02-27T23:03:01","guid":{"rendered":"https:\/\/tspmentrepot.com\/?page_id=5090"},"modified":"2020-03-13T14:19:54","modified_gmt":"2020-03-13T18:19:54","slug":"logistique","status":"publish","type":"page","link":"https:\/\/tspmwarehouse.com\/fr\/services\/logistique\/","title":{"rendered":"<span>Services complets de logistique<\/span> en Am\u00e9rique du Nord et outre-mer"},"content":{"rendered":"<p>Nos syst\u00e8mes et nos processus \u00e9voluent constamment, de mani\u00e8re \u00e0 offrir \u00e0 notre client\u00e8le&nbsp;:<\/p>\n<p><strong>Grande flexibilit\u00e9<\/strong>, afin de nous adapter rapidement au flux de marchandises susceptible d&rsquo;augmenter \u00e0 tout moment (en raison des promotions, etc.)<\/p>\n<p><strong>Tra\u00e7abilit\u00e9 en temps r\u00e9el<\/strong> d&rsquo;un bout \u00e0 l&rsquo;autre du processus de pr\u00e9paration des commandes.<\/p>\n<p><strong>Rapports journaliers<\/strong>, un suivi rigoureux gr\u00e2ce \u00e0 notre support Web, des tableaux de bord hebdomadaires afin que le e-commer\u00e7ant soit \u00e0 l&rsquo;aff\u00fbt et puisse mieux piloter ses activit\u00e9s.<\/p>\n<p><strong>Gestion efficace des retours<\/strong>, \u00e9tape cruciale pour un e-marchand. Si ce processus est bien men\u00e9, cela contribue \u00e0 transformer un internaute insatisfait en client fid\u00e8le.<\/p>\n","protected":false},"excerpt":{"rendered":"<p>Nos syst\u00e8mes et nos processus \u00e9voluent constamment, de mani\u00e8re \u00e0 offrir \u00e0 notre client\u00e8le&nbsp;: Grande flexibilit\u00e9, afin de nous adapter rapidement au flux de marchandises susceptible d&rsquo;augmenter \u00e0 tout moment (en raison des promotions, etc.) Tra\u00e7abilit\u00e9 en temps r\u00e9el d&rsquo;un bout \u00e0 l&rsquo;autre du processus de pr\u00e9paration des commandes. Rapports journaliers, un suivi rigoureux gr\u00e2ce &hellip; <a href=\"https:\/\/tspmwarehouse.com\/fr\/services\/logistique\/\">Continued<\/a><\/p>\n","protected":false},"author":1,"featured_media":0,"parent":5086,"menu_order":0,"comment_status":"closed","ping_status":"closed","template":"template-services.php","meta":{"_acf_changed":false,"footnotes":""},"acf":[],"yoast_head":"<!-- This site is optimized with the Yoast SEO plugin v22.9 - https:\/\/yoast.com\/wordpress\/plugins\/seo\/ -->\n<title>Services de logistique 3PL \u00e0 Montr\u00e9al - TSPM Entrep\u00f4t<\/title>\n<meta name=\"description\" content=\"TSPM offre des solutions logistiques de tierce partie (3PL) de haut niveau et assure une gestion optimale de vos flux de produits et d&#039;information.\" \/>\n<meta name=\"robots\" content=\"index, follow, max-snippet:-1, max-image-preview:large, max-video-preview:-1\" \/>\n<meta property=\"og:locale\" content=\"fr_CA\" \/>\n<meta property=\"og:type\" content=\"article\" \/>\n<meta property=\"og:title\" content=\"Services de logistique 3PL \u00e0 Montr\u00e9al - TSPM Entrep\u00f4t\" \/>\n<meta property=\"og:description\" content=\"TSPM offre des solutions logistiques de tierce partie (3PL) de haut niveau et assure une gestion optimale de vos flux de produits et d&#039;information.\" \/>\n<meta property=\"og:url\" content=\"https:\/\/tspmwarehouse.com\/fr\/services\/logistique\/\" \/>\n<meta property=\"og:site_name\" content=\"TSPM Entrep\u00f4t\" \/>\n<meta property=\"article:modified_time\" content=\"2020-03-13T18:19:54+00:00\" \/>\n<meta name=\"twitter:card\" content=\"summary_large_image\" \/>\n<meta name=\"twitter:label1\" content=\"Dur\u00e9e de lecture estim\u00e9e\" \/>\n\t<meta name=\"twitter:data1\" content=\"1 minute\" \/>\n<script type=\"application\/ld+json\" class=\"yoast-schema-graph\">{\"@context\":\"https:\/\/schema.org\",\"@graph\":[{\"@type\":\"WebPage\",\"@id\":\"https:\/\/tspmwarehouse.com\/fr\/services\/logistique\/\",\"url\":\"https:\/\/tspmwarehouse.com\/fr\/services\/logistique\/\",\"name\":\"Services de logistique 3PL \u00e0 Montr\u00e9al - TSPM Entrep\u00f4t\",\"isPartOf\":{\"@id\":\"https:\/\/tspmentrepot.com\/fr\/#website\"},\"datePublished\":\"2020-02-27T23:03:01+00:00\",\"dateModified\":\"2020-03-13T18:19:54+00:00\",\"description\":\"TSPM offre des solutions logistiques de tierce partie (3PL) de haut niveau et assure une gestion optimale de vos flux de produits et d'information.\",\"breadcrumb\":{\"@id\":\"https:\/\/tspmwarehouse.com\/fr\/services\/logistique\/#breadcrumb\"},\"inLanguage\":\"fr-FR\",\"potentialAction\":[{\"@type\":\"ReadAction\",\"target\":[\"https:\/\/tspmwarehouse.com\/fr\/services\/logistique\/\"]}]},{\"@type\":\"BreadcrumbList\",\"@id\":\"https:\/\/tspmwarehouse.com\/fr\/services\/logistique\/#breadcrumb\",\"itemListElement\":[{\"@type\":\"ListItem\",\"position\":1,\"name\":\"Accueil\",\"item\":\"https:\/\/tspmentrepot.com\/fr\/\"},{\"@type\":\"ListItem\",\"position\":2,\"name\":\"Nos solutions cl\u00e9 en main d&rsquo;entreposage, logistique et distribution\",\"item\":\"https:\/\/tspmentrepot.com\/fr\/services\/\"},{\"@type\":\"ListItem\",\"position\":3,\"name\":\"Services complets de logistique en Am\u00e9rique du Nord et outre-mer\"}]},{\"@type\":\"WebSite\",\"@id\":\"https:\/\/tspmentrepot.com\/fr\/#website\",\"url\":\"https:\/\/tspmentrepot.com\/fr\/\",\"name\":\"TSPM Entrep\u00f4t\",\"description\":\"\",\"potentialAction\":[{\"@type\":\"SearchAction\",\"target\":{\"@type\":\"EntryPoint\",\"urlTemplate\":\"https:\/\/tspmentrepot.com\/fr\/?s={search_term_string}\"},\"query-input\":\"required name=search_term_string\"}],\"inLanguage\":\"fr-FR\"}]}<\/script>\n<!-- \/ Yoast SEO plugin. -->","yoast_head_json":{"title":"Services de logistique 3PL \u00e0 Montr\u00e9al - TSPM Entrep\u00f4t","description":"TSPM offre des solutions logistiques de tierce partie (3PL) de haut niveau et assure une gestion optimale de vos flux de produits et d'information.","robots":{"index":"index","follow":"follow","max-snippet":"max-snippet:-1","max-image-preview":"max-image-preview:large","max-video-preview":"max-video-preview:-1"},"og_locale":"fr_CA","og_type":"article","og_title":"Services de logistique 3PL \u00e0 Montr\u00e9al - TSPM Entrep\u00f4t","og_description":"TSPM offre des solutions logistiques de tierce partie (3PL) de haut niveau et assure une gestion optimale de vos flux de produits et d'information.","og_url":"https:\/\/tspmwarehouse.com\/fr\/services\/logistique\/","og_site_name":"TSPM Entrep\u00f4t","article_modified_time":"2020-03-13T18:19:54+00:00","twitter_card":"summary_large_image","twitter_misc":{"Dur\u00e9e de lecture estim\u00e9e":"1 minute"},"schema":{"@context":"https:\/\/schema.org","@graph":[{"@type":"WebPage","@id":"https:\/\/tspmwarehouse.com\/fr\/services\/logistique\/","url":"https:\/\/tspmwarehouse.com\/fr\/services\/logistique\/","name":"Services de logistique 3PL \u00e0 Montr\u00e9al - TSPM Entrep\u00f4t","isPartOf":{"@id":"https:\/\/tspmentrepot.com\/fr\/#website"},"datePublished":"2020-02-27T23:03:01+00:00","dateModified":"2020-03-13T18:19:54+00:00","description":"TSPM offre des solutions logistiques de tierce partie (3PL) de haut niveau et assure une gestion optimale de vos flux de produits et d'information.","breadcrumb":{"@id":"https:\/\/tspmwarehouse.com\/fr\/services\/logistique\/#breadcrumb"},"inLanguage":"fr-FR","potentialAction":[{"@type":"ReadAction","target":["https:\/\/tspmwarehouse.com\/fr\/services\/logistique\/"]}]},{"@type":"BreadcrumbList","@id":"https:\/\/tspmwarehouse.com\/fr\/services\/logistique\/#breadcrumb","itemListElement":[{"@type":"ListItem","position":1,"name":"Accueil","item":"https:\/\/tspmentrepot.com\/fr\/"},{"@type":"ListItem","position":2,"name":"Nos solutions cl\u00e9 en main d&rsquo;entreposage, logistique et distribution","item":"https:\/\/tspmentrepot.com\/fr\/services\/"},{"@type":"ListItem","position":3,"name":"Services complets de logistique en Am\u00e9rique du Nord et outre-mer"}]},{"@type":"WebSite","@id":"https:\/\/tspmentrepot.com\/fr\/#website","url":"https:\/\/tspmentrepot.com\/fr\/","name":"TSPM Entrep\u00f4t","description":"","potentialAction":[{"@type":"SearchAction","target":{"@type":"EntryPoint","urlTemplate":"https:\/\/tspmentrepot.com\/fr\/?s={search_term_string}"},"query-input":"required name=search_term_string"}],"inLanguage":"fr-FR"}]}},"_links":{"self":[{"href":"https:\/\/tspmwarehouse.com\/fr\/wp-json\/wp\/v2\/pages\/5090"}],"collection":[{"href":"https:\/\/tspmwarehouse.com\/fr\/wp-json\/wp\/v2\/pages"}],"about":[{"href":"https:\/\/tspmwarehouse.com\/fr\/wp-json\/wp\/v2\/types\/page"}],"author":[{"embeddable":true,"href":"https:\/\/tspmwarehouse.com\/fr\/wp-json\/wp\/v2\/users\/1"}],"replies":[{"embeddable":true,"href":"https:\/\/tspmwarehouse.com\/fr\/wp-json\/wp\/v2\/comments?post=5090"}],"version-history":[{"count":4,"href":"https:\/\/tspmwarehouse.com\/fr\/wp-json\/wp\/v2\/pages\/5090\/revisions"}],"predecessor-version":[{"id":5193,"href":"https:\/\/tspmwarehouse.com\/fr\/wp-json\/wp\/v2\/pages\/5090\/revisions\/5193"}],"up":[{"embeddable":true,"href":"https:\/\/tspmwarehouse.com\/fr\/wp-json\/wp\/v2\/pages\/5086"}],"wp:attachment":[{"href":"https:\/\/tspmwarehouse.com\/fr\/wp-json\/wp\/v2\/media?parent=5090"}],"curies":[{"name":"wp","href":"https:\/\/api.w.org\/{rel}","templated":true}]}}