{"id":4402,"date":"2016-01-26T15:19:45","date_gmt":"2016-01-26T20:19:45","guid":{"rendered":"http:\/\/wp-master.eliappdrupal1.elisys-servers.ca\/fr\/?page_id=4402"},"modified":"2020-03-13T17:48:54","modified_gmt":"2020-03-13T21:48:54","slug":"contact","status":"publish","type":"page","link":"https:\/\/tspmwarehouse.com\/fr\/contact\/","title":{"rendered":"<span>De nombreuses entreprises<\/span> b\u00e9n\u00e9ficient de nos services"},"content":{"rendered":"<p>TSPM est \u00e0 votre enti\u00e8re disposition depuis plus de <span class=\"nobr\">30 ans<\/span> pour tous vos besoins en entreposage, distribution et logistique \u00e0 Montr\u00e9al, au Canada, aux \u00c9tats-Unis et \u00e0 l&rsquo;international.<\/p>\n<p>En plus d&rsquo;offrir des services sp\u00e9cialis\u00e9s \u00ab&nbsp;cl\u00e9 en main&nbsp;\u00bb, nous assurons un traitement rapide des demandes et un respect rigoureux des \u00e9ch\u00e9ances.<\/p>\n<p>Nous misons non seulement sur un <strong>professionnalisme en mouvement<\/strong>, mais \u00e9galement sur une compr\u00e9hension approfondie de vos produits, votre client\u00e8le et votre entreprise, \u00e0 chaque \u00e9tape du processus.<\/p>\n<p>Contactez-nous sans frais au <span class=\"nobr\">1 877 679 5042<\/span> pour en savoir davantage au sujet de nos services, ou <a href=\"#featForm\">remplissez le formulaire<\/a> afin de nous joindre \u00e0 toute heure. Nous vous r\u00e9pondrons dans les plus brefs d\u00e9lais!<\/p>\n","protected":false},"excerpt":{"rendered":"<p>TSPM est \u00e0 votre enti\u00e8re disposition depuis plus de 30 ans pour tous vos besoins en entreposage, distribution et logistique \u00e0 Montr\u00e9al, au Canada, aux \u00c9tats-Unis et \u00e0 l&rsquo;international. En plus d&rsquo;offrir des services sp\u00e9cialis\u00e9s \u00ab&nbsp;cl\u00e9 en main&nbsp;\u00bb, nous assurons un traitement rapide des demandes et un respect rigoureux des \u00e9ch\u00e9ances. Nous misons non seulement &hellip; <a href=\"https:\/\/tspmwarehouse.com\/fr\/contact\/\">Continued<\/a><\/p>\n","protected":false},"author":1,"featured_media":0,"parent":0,"menu_order":0,"comment_status":"closed","ping_status":"closed","template":"template-contact.php","meta":{"_acf_changed":false,"footnotes":""},"acf":[],"yoast_head":"<!-- This site is optimized with the Yoast SEO plugin v22.9 - https:\/\/yoast.com\/wordpress\/plugins\/seo\/ -->\n<title>Nous joindre - TSPM Entrep\u00f4t<\/title>\n<meta name=\"description\" content=\"TSPM est \u00e0 votre enti\u00e8re disposition depuis plus de 30 ans pour tous vos besoins en entreposage, distribution et logistique \u00e0 Montr\u00e9al, au Canada, aux \u00c9tats-Unis et \u00e0 l&#039;international.\" \/>\n<meta name=\"robots\" content=\"index, follow, max-snippet:-1, max-image-preview:large, max-video-preview:-1\" \/>\n<meta property=\"og:locale\" content=\"fr_CA\" \/>\n<meta property=\"og:type\" content=\"article\" \/>\n<meta property=\"og:title\" content=\"Nous joindre - TSPM Entrep\u00f4t\" \/>\n<meta property=\"og:description\" content=\"TSPM est \u00e0 votre enti\u00e8re disposition depuis plus de 30 ans pour tous vos besoins en entreposage, distribution et logistique \u00e0 Montr\u00e9al, au Canada, aux \u00c9tats-Unis et \u00e0 l&#039;international.\" \/>\n<meta property=\"og:url\" content=\"https:\/\/tspmentrepot.com\/fr\/contact\/\" \/>\n<meta property=\"og:site_name\" content=\"TSPM Entrep\u00f4t\" \/>\n<meta property=\"article:modified_time\" content=\"2020-03-13T21:48:54+00:00\" \/>\n<meta name=\"twitter:card\" content=\"summary_large_image\" \/>\n<meta name=\"twitter:label1\" content=\"Dur\u00e9e de lecture estim\u00e9e\" \/>\n\t<meta name=\"twitter:data1\" content=\"1 minute\" \/>\n<script type=\"application\/ld+json\" class=\"yoast-schema-graph\">{\"@context\":\"https:\/\/schema.org\",\"@graph\":[{\"@type\":\"WebPage\",\"@id\":\"https:\/\/tspmentrepot.com\/fr\/contact\/\",\"url\":\"https:\/\/tspmentrepot.com\/fr\/contact\/\",\"name\":\"Nous joindre - TSPM Entrep\u00f4t\",\"isPartOf\":{\"@id\":\"https:\/\/tspmentrepot.com\/en\/#website\"},\"datePublished\":\"2016-01-26T20:19:45+00:00\",\"dateModified\":\"2020-03-13T21:48:54+00:00\",\"description\":\"TSPM est \u00e0 votre enti\u00e8re disposition depuis plus de 30 ans pour tous vos besoins en entreposage, distribution et logistique \u00e0 Montr\u00e9al, au Canada, aux \u00c9tats-Unis et \u00e0 l'international.\",\"breadcrumb\":{\"@id\":\"https:\/\/tspmentrepot.com\/fr\/contact\/#breadcrumb\"},\"inLanguage\":\"fr-FR\",\"potentialAction\":[{\"@type\":\"ReadAction\",\"target\":[\"https:\/\/tspmentrepot.com\/fr\/contact\/\"]}]},{\"@type\":\"BreadcrumbList\",\"@id\":\"https:\/\/tspmentrepot.com\/fr\/contact\/#breadcrumb\",\"itemListElement\":[{\"@type\":\"ListItem\",\"position\":1,\"name\":\"Accueil\",\"item\":\"https:\/\/tspmentrepot.com\/fr\/\"},{\"@type\":\"ListItem\",\"position\":2,\"name\":\"De nombreuses entreprises b\u00e9n\u00e9ficient de nos services\"}]},{\"@type\":\"WebSite\",\"@id\":\"https:\/\/tspmentrepot.com\/en\/#website\",\"url\":\"https:\/\/tspmentrepot.com\/en\/\",\"name\":\"TSPM Entrep\u00f4t\",\"description\":\"\",\"potentialAction\":[{\"@type\":\"SearchAction\",\"target\":{\"@type\":\"EntryPoint\",\"urlTemplate\":\"https:\/\/tspmentrepot.com\/en\/?s={search_term_string}\"},\"query-input\":\"required name=search_term_string\"}],\"inLanguage\":\"fr-FR\"}]}<\/script>\n<!-- \/ Yoast SEO plugin. -->","yoast_head_json":{"title":"Nous joindre - TSPM Entrep\u00f4t","description":"TSPM est \u00e0 votre enti\u00e8re disposition depuis plus de 30 ans pour tous vos besoins en entreposage, distribution et logistique \u00e0 Montr\u00e9al, au Canada, aux \u00c9tats-Unis et \u00e0 l'international.","robots":{"index":"index","follow":"follow","max-snippet":"max-snippet:-1","max-image-preview":"max-image-preview:large","max-video-preview":"max-video-preview:-1"},"og_locale":"fr_CA","og_type":"article","og_title":"Nous joindre - TSPM Entrep\u00f4t","og_description":"TSPM est \u00e0 votre enti\u00e8re disposition depuis plus de 30 ans pour tous vos besoins en entreposage, distribution et logistique \u00e0 Montr\u00e9al, au Canada, aux \u00c9tats-Unis et \u00e0 l'international.","og_url":"https:\/\/tspmentrepot.com\/fr\/contact\/","og_site_name":"TSPM Entrep\u00f4t","article_modified_time":"2020-03-13T21:48:54+00:00","twitter_card":"summary_large_image","twitter_misc":{"Dur\u00e9e de lecture estim\u00e9e":"1 minute"},"schema":{"@context":"https:\/\/schema.org","@graph":[{"@type":"WebPage","@id":"https:\/\/tspmentrepot.com\/fr\/contact\/","url":"https:\/\/tspmentrepot.com\/fr\/contact\/","name":"Nous joindre - TSPM Entrep\u00f4t","isPartOf":{"@id":"https:\/\/tspmentrepot.com\/en\/#website"},"datePublished":"2016-01-26T20:19:45+00:00","dateModified":"2020-03-13T21:48:54+00:00","description":"TSPM est \u00e0 votre enti\u00e8re disposition depuis plus de 30 ans pour tous vos besoins en entreposage, distribution et logistique \u00e0 Montr\u00e9al, au Canada, aux \u00c9tats-Unis et \u00e0 l'international.","breadcrumb":{"@id":"https:\/\/tspmentrepot.com\/fr\/contact\/#breadcrumb"},"inLanguage":"fr-FR","potentialAction":[{"@type":"ReadAction","target":["https:\/\/tspmentrepot.com\/fr\/contact\/"]}]},{"@type":"BreadcrumbList","@id":"https:\/\/tspmentrepot.com\/fr\/contact\/#breadcrumb","itemListElement":[{"@type":"ListItem","position":1,"name":"Accueil","item":"https:\/\/tspmentrepot.com\/fr\/"},{"@type":"ListItem","position":2,"name":"De nombreuses entreprises b\u00e9n\u00e9ficient de nos services"}]},{"@type":"WebSite","@id":"https:\/\/tspmentrepot.com\/en\/#website","url":"https:\/\/tspmentrepot.com\/en\/","name":"TSPM Entrep\u00f4t","description":"","potentialAction":[{"@type":"SearchAction","target":{"@type":"EntryPoint","urlTemplate":"https:\/\/tspmentrepot.com\/en\/?s={search_term_string}"},"query-input":"required name=search_term_string"}],"inLanguage":"fr-FR"}]}},"_links":{"self":[{"href":"https:\/\/tspmwarehouse.com\/fr\/wp-json\/wp\/v2\/pages\/4402"}],"collection":[{"href":"https:\/\/tspmwarehouse.com\/fr\/wp-json\/wp\/v2\/pages"}],"about":[{"href":"https:\/\/tspmwarehouse.com\/fr\/wp-json\/wp\/v2\/types\/page"}],"author":[{"embeddable":true,"href":"https:\/\/tspmwarehouse.com\/fr\/wp-json\/wp\/v2\/users\/1"}],"replies":[{"embeddable":true,"href":"https:\/\/tspmwarehouse.com\/fr\/wp-json\/wp\/v2\/comments?post=4402"}],"version-history":[{"count":3,"href":"https:\/\/tspmwarehouse.com\/fr\/wp-json\/wp\/v2\/pages\/4402\/revisions"}],"predecessor-version":[{"id":5254,"href":"https:\/\/tspmwarehouse.com\/fr\/wp-json\/wp\/v2\/pages\/4402\/revisions\/5254"}],"wp:attachment":[{"href":"https:\/\/tspmwarehouse.com\/fr\/wp-json\/wp\/v2\/media?parent=4402"}],"curies":[{"name":"wp","href":"https:\/\/api.w.org\/{rel}","templated":true}]}}